{"id":252,"date":"2026-01-13T11:08:18","date_gmt":"2026-01-13T11:08:18","guid":{"rendered":"https:\/\/ineas.org.br\/?page_id=198"},"modified":"2026-01-20T20:50:11","modified_gmt":"2026-01-20T20:50:11","slug":"parcerias-e-projetos","status":"publish","type":"page","link":"https:\/\/ineas.org.br\/?page_id=252","title":{"rendered":"Parcerias e projetos"},"content":{"rendered":"\t\t<div data-elementor-type=\"wp-page\" data-elementor-id=\"252\" class=\"elementor elementor-252\">\n\t\t\t\t\t\t<section class=\"elementor-section elementor-top-section elementor-element elementor-element-cf3257f elementor-section-boxed elementor-section-height-default elementor-section-height-default wpr-particle-no wpr-jarallax-no wpr-parallax-no wpr-sticky-section-no\" data-id=\"cf3257f\" data-element_type=\"section\" data-e-type=\"section\">\n\t\t\t\t\t\t<div class=\"elementor-container elementor-column-gap-default\">\n\t\t\t\t\t<div class=\"elementor-column elementor-col-100 elementor-top-column elementor-element elementor-element-c4e7ec4\" data-id=\"c4e7ec4\" data-element_type=\"column\" data-e-type=\"column\">\n\t\t\t<div class=\"elementor-widget-wrap elementor-element-populated\">\n\t\t\t\t\t\t<div class=\"elementor-element elementor-element-5b052be elementor-widget elementor-widget-heading\" data-id=\"5b052be\" data-element_type=\"widget\" data-e-type=\"widget\" data-widget_type=\"heading.default\">\n\t\t\t\t<div class=\"elementor-widget-container\">\n\t\t\t\t\t<h4 class=\"elementor-heading-title elementor-size-default\">Parcerias e Projetos<\/h4>\t\t\t\t<\/div>\n\t\t\t\t<\/div>\n\t\t\t\t<div class=\"elementor-element elementor-element-c785414 elementor-widget elementor-widget-heading\" data-id=\"c785414\" data-element_type=\"widget\" data-e-type=\"widget\" data-widget_type=\"heading.default\">\n\t\t\t\t<div class=\"elementor-widget-container\">\n\t\t\t\t\t<h6 class=\"elementor-heading-title elementor-size-default\">Conhe\u00e7a os projetos e parcerias realizadas pelo INEAS.<\/h6>\t\t\t\t<\/div>\n\t\t\t\t<\/div>\n\t\t\t\t<div class=\"elementor-element elementor-element-2ca9cf9 elementor-widget elementor-widget-accordion\" data-id=\"2ca9cf9\" data-element_type=\"widget\" data-e-type=\"widget\" data-widget_type=\"accordion.default\">\n\t\t\t\t<div class=\"elementor-widget-container\">\n\t\t\t\t\t\t\t<div class=\"elementor-accordion\">\n\t\t\t\t\t\t\t<div class=\"elementor-accordion-item\">\n\t\t\t\t\t<div id=\"elementor-tab-title-4681\" class=\"elementor-tab-title\" data-tab=\"1\" role=\"button\" aria-controls=\"elementor-tab-content-4681\" aria-expanded=\"false\">\n\t\t\t\t\t\t\t\t\t\t\t\t\t<span class=\"elementor-accordion-icon elementor-accordion-icon-right\" aria-hidden=\"true\">\n\t\t\t\t\t\t\t\t\t\t\t\t\t\t\t<span class=\"elementor-accordion-icon-closed\"><svg class=\"e-font-icon-svg e-fas-angle-down\" viewBox=\"0 0 320 512\" xmlns=\"http:\/\/www.w3.org\/2000\/svg\"><path d=\"M143 352.3L7 216.3c-9.4-9.4-9.4-24.6 0-33.9l22.6-22.6c9.4-9.4 24.6-9.4 33.9 0l96.4 96.4 96.4-96.4c9.4-9.4 24.6-9.4 33.9 0l22.6 22.6c9.4 9.4 9.4 24.6 0 33.9l-136 136c-9.2 9.4-24.4 9.4-33.8 0z\"><\/path><\/svg><\/span>\n\t\t\t\t\t\t\t\t<span class=\"elementor-accordion-icon-opened\"><svg class=\"e-font-icon-svg e-fas-angle-up\" viewBox=\"0 0 320 512\" xmlns=\"http:\/\/www.w3.org\/2000\/svg\"><path d=\"M177 159.7l136 136c9.4 9.4 9.4 24.6 0 33.9l-22.6 22.6c-9.4 9.4-24.6 9.4-33.9 0L160 255.9l-96.4 96.4c-9.4 9.4-24.6 9.4-33.9 0L7 329.7c-9.4-9.4-9.4-24.6 0-33.9l136-136c9.4-9.5 24.6-9.5 34-.1z\"><\/path><\/svg><\/span>\n\t\t\t\t\t\t\t\t\t\t\t\t\t\t<\/span>\n\t\t\t\t\t\t\t\t\t\t\t\t<a class=\"elementor-accordion-title\" tabindex=\"0\">PROJETO SEMEANDO SONHOS<\/a>\n\t\t\t\t\t<\/div>\n\t\t\t\t\t<div id=\"elementor-tab-content-4681\" class=\"elementor-tab-content elementor-clearfix\" data-tab=\"1\" role=\"region\" aria-labelledby=\"elementor-tab-title-4681\"><p><img fetchpriority=\"high\" decoding=\"async\" class=\"size-medium wp-image-331 aligncenter\" src=\"http:\/\/ineas.org.br\/wp-content\/uploads\/2026\/01\/Projeto-Semeando-Sonhos-Projeto-de-Lazer-Sociopedagogico-2-1-300x285.jpg\" alt=\"\" width=\"300\" height=\"285\" srcset=\"https:\/\/ineas.org.br\/wp-content\/uploads\/2026\/01\/Projeto-Semeando-Sonhos-Projeto-de-Lazer-Sociopedagogico-2-1-300x285.jpg 300w, https:\/\/ineas.org.br\/wp-content\/uploads\/2026\/01\/Projeto-Semeando-Sonhos-Projeto-de-Lazer-Sociopedagogico-2-1-1024x973.jpg 1024w, https:\/\/ineas.org.br\/wp-content\/uploads\/2026\/01\/Projeto-Semeando-Sonhos-Projeto-de-Lazer-Sociopedagogico-2-1-768x730.jpg 768w, https:\/\/ineas.org.br\/wp-content\/uploads\/2026\/01\/Projeto-Semeando-Sonhos-Projeto-de-Lazer-Sociopedagogico-2-1-1536x1459.jpg 1536w, https:\/\/ineas.org.br\/wp-content\/uploads\/2026\/01\/Projeto-Semeando-Sonhos-Projeto-de-Lazer-Sociopedagogico-2-1-2048x1946.jpg 2048w\" sizes=\"(max-width: 300px) 100vw, 300px\" \/><\/p><p>O projeto Semeando Sonhos nasce da proposta de implementar um Servi\u00e7o de Conviv\u00eancia e Fortalecimento de V\u00ednculos (SCFV). Nessa perspectiva, o Instituto Norte Riograndense de Educa\u00e7\u00e3o, Assist\u00eancia Social e Educa\u00e7\u00e3o (INEAS) em parceria com a Faculdade FAMEN e com a Secretaria Municipal de Assist\u00eancia Social (SEMTAS), desenvolve as atividades do projeto na Unidade de Acolhimento Institucional III (masculina), que fortalece o sistema de garantia de direitos no atendimento a jovens com idade entre 13 e 18 anos com v\u00ednculos familiares fr\u00e1geis ou rompidos.<\/p><p><img decoding=\"async\" class=\"aligncenter wp-image-332 size-full lazyload\" data-src=\"http:\/\/ineas.org.br\/wp-content\/uploads\/2026\/01\/Design-sem-nome.png\" alt=\"\" width=\"1080\" height=\"300\" data-srcset=\"https:\/\/ineas.org.br\/wp-content\/uploads\/2026\/01\/Design-sem-nome.png 1080w, https:\/\/ineas.org.br\/wp-content\/uploads\/2026\/01\/Design-sem-nome-300x83.png 300w, https:\/\/ineas.org.br\/wp-content\/uploads\/2026\/01\/Design-sem-nome-1024x284.png 1024w, https:\/\/ineas.org.br\/wp-content\/uploads\/2026\/01\/Design-sem-nome-768x213.png 768w\" data-sizes=\"(max-width: 1080px) 100vw, 1080px\" src=\"data:image\/svg+xml;base64,PHN2ZyB3aWR0aD0iMSIgaGVpZ2h0PSIxIiB4bWxucz0iaHR0cDovL3d3dy53My5vcmcvMjAwMC9zdmciPjwvc3ZnPg==\" style=\"--smush-placeholder-width: 1080px; --smush-placeholder-aspect-ratio: 1080\/300;\" \/><\/p><p>Tem como prop\u00f3sito subsidiar o protagonismo juvenil, buscar o reconhecimento de novos direitos de cidadania e prote\u00e7\u00e3o social e promover o acesso a conhecimentos, meios, recursos e metodologias direcionadas para o aumento da participa\u00e7\u00e3o social pelo crivo social pedag\u00f3gico. Sendo assim, as atividades s\u00e3o desenvolvidas na Unidade de Acolhimento Institucional III (masculina), que fortalece o sistema de garantia de direitos no atendimento a jovens com idade entre 13 e 18 anos com v\u00ednculos familiares fr\u00e1geis ou rompidos, tem como prop\u00f3sito subsidiar o protagonismo juvenil, buscar o reconhecimento de novos direitos de cidadania e prote\u00e7\u00e3o social e promover o acesso a conhecimentos, meios, recursos e metodologias direcionadas para o aumento da participa\u00e7\u00e3o social pelo crivo social pedag\u00f3gico.<\/p><\/div>\n\t\t\t\t<\/div>\n\t\t\t\t\t\t\t<div class=\"elementor-accordion-item\">\n\t\t\t\t\t<div id=\"elementor-tab-title-4682\" class=\"elementor-tab-title\" data-tab=\"2\" role=\"button\" aria-controls=\"elementor-tab-content-4682\" aria-expanded=\"false\">\n\t\t\t\t\t\t\t\t\t\t\t\t\t<span class=\"elementor-accordion-icon elementor-accordion-icon-right\" aria-hidden=\"true\">\n\t\t\t\t\t\t\t\t\t\t\t\t\t\t\t<span class=\"elementor-accordion-icon-closed\"><svg class=\"e-font-icon-svg e-fas-angle-down\" viewBox=\"0 0 320 512\" xmlns=\"http:\/\/www.w3.org\/2000\/svg\"><path d=\"M143 352.3L7 216.3c-9.4-9.4-9.4-24.6 0-33.9l22.6-22.6c9.4-9.4 24.6-9.4 33.9 0l96.4 96.4 96.4-96.4c9.4-9.4 24.6-9.4 33.9 0l22.6 22.6c9.4 9.4 9.4 24.6 0 33.9l-136 136c-9.2 9.4-24.4 9.4-33.8 0z\"><\/path><\/svg><\/span>\n\t\t\t\t\t\t\t\t<span class=\"elementor-accordion-icon-opened\"><svg class=\"e-font-icon-svg e-fas-angle-up\" viewBox=\"0 0 320 512\" xmlns=\"http:\/\/www.w3.org\/2000\/svg\"><path d=\"M177 159.7l136 136c9.4 9.4 9.4 24.6 0 33.9l-22.6 22.6c-9.4 9.4-24.6 9.4-33.9 0L160 255.9l-96.4 96.4c-9.4 9.4-24.6 9.4-33.9 0L7 329.7c-9.4-9.4-9.4-24.6 0-33.9l136-136c9.4-9.5 24.6-9.5 34-.1z\"><\/path><\/svg><\/span>\n\t\t\t\t\t\t\t\t\t\t\t\t\t\t<\/span>\n\t\t\t\t\t\t\t\t\t\t\t\t<a class=\"elementor-accordion-title\" tabindex=\"0\">PROJETO NOVOS TALENTOS<\/a>\n\t\t\t\t\t<\/div>\n\t\t\t\t\t<div id=\"elementor-tab-content-4682\" class=\"elementor-tab-content elementor-clearfix\" data-tab=\"2\" role=\"region\" aria-labelledby=\"elementor-tab-title-4682\"><p>Em constru\u00e7\u00e3o<\/p><\/div>\n\t\t\t\t<\/div>\n\t\t\t\t\t\t\t\t<\/div>\n\t\t\t\t\t\t<\/div>\n\t\t\t\t<\/div>\n\t\t\t\t\t<\/div>\n\t\t<\/div>\n\t\t\t\t\t<\/div>\n\t\t<\/section>\n\t\t\t\t<\/div>\n\t\t","protected":false},"excerpt":{"rendered":"<p>Parcerias e Projetos Conhe\u00e7a os projetos e parcerias realizadas pelo INEAS. PROJETO SEMEANDO SONHOS O projeto Semeando Sonhos nasce da proposta de implementar um Servi\u00e7o de Conviv\u00eancia e Fortalecimento de V\u00ednculos (SCFV). Nessa perspectiva, o Instituto Norte Riograndense de Educa\u00e7\u00e3o, Assist\u00eancia Social e Educa\u00e7\u00e3o (INEAS) em parceria com a Faculdade FAMEN e com a Secretaria Municipal de Assist\u00eancia Social (SEMTAS), desenvolve as atividades do projeto na Unidade de Acolhimento Institucional III (masculina), que fortalece o sistema de garantia de direitos no atendimento a jovens com idade entre 13 e 18 anos com v\u00ednculos familiares fr\u00e1geis ou rompidos. Tem como prop\u00f3sito subsidiar o protagonismo juvenil, buscar o reconhecimento de novos direitos de cidadania e prote\u00e7\u00e3o social e promover o acesso a conhecimentos, meios, recursos e metodologias direcionadas para o aumento da participa\u00e7\u00e3o social pelo crivo social pedag\u00f3gico. Sendo assim, as atividades s\u00e3o desenvolvidas na Unidade de Acolhimento Institucional III (masculina), que fortalece o sistema de garantia de direitos no atendimento a jovens com idade entre 13 e 18 anos com v\u00ednculos familiares fr\u00e1geis ou rompidos, tem como prop\u00f3sito subsidiar o protagonismo juvenil, buscar o reconhecimento de novos direitos de cidadania e prote\u00e7\u00e3o social e promover o acesso a conhecimentos, meios, recursos e metodologias direcionadas para o aumento da participa\u00e7\u00e3o social pelo crivo social pedag\u00f3gico. PROJETO NOVOS TALENTOS Em constru\u00e7\u00e3o<\/p>\n","protected":false},"author":1,"featured_media":0,"parent":0,"menu_order":0,"comment_status":"closed","ping_status":"closed","template":"elementor_header_footer","meta":{"footnotes":""},"class_list":["post-252","page","type-page","status-publish","hentry"],"_links":{"self":[{"href":"https:\/\/ineas.org.br\/index.php?rest_route=\/wp\/v2\/pages\/252","targetHints":{"allow":["GET"]}}],"collection":[{"href":"https:\/\/ineas.org.br\/index.php?rest_route=\/wp\/v2\/pages"}],"about":[{"href":"https:\/\/ineas.org.br\/index.php?rest_route=\/wp\/v2\/types\/page"}],"author":[{"embeddable":true,"href":"https:\/\/ineas.org.br\/index.php?rest_route=\/wp\/v2\/users\/1"}],"replies":[{"embeddable":true,"href":"https:\/\/ineas.org.br\/index.php?rest_route=%2Fwp%2Fv2%2Fcomments&post=252"}],"version-history":[{"count":16,"href":"https:\/\/ineas.org.br\/index.php?rest_route=\/wp\/v2\/pages\/252\/revisions"}],"predecessor-version":[{"id":405,"href":"https:\/\/ineas.org.br\/index.php?rest_route=\/wp\/v2\/pages\/252\/revisions\/405"}],"wp:attachment":[{"href":"https:\/\/ineas.org.br\/index.php?rest_route=%2Fwp%2Fv2%2Fmedia&parent=252"}],"curies":[{"name":"wp","href":"https:\/\/api.w.org\/{rel}","templated":true}]}}