{"id":198,"date":"2026-01-13T11:08:18","date_gmt":"2026-01-13T11:08:18","guid":{"rendered":"https:\/\/ineas.org.br\/?page_id=198"},"modified":"2026-01-20T20:54:41","modified_gmt":"2026-01-20T20:54:41","slug":"quem-somos","status":"publish","type":"page","link":"https:\/\/ineas.org.br\/?page_id=198","title":{"rendered":"Quem Somos"},"content":{"rendered":"\t\t<div data-elementor-type=\"wp-page\" data-elementor-id=\"198\" class=\"elementor elementor-198\">\n\t\t\t\t\t\t<section class=\"elementor-section elementor-top-section elementor-element elementor-element-56d783b elementor-section-boxed elementor-section-height-default elementor-section-height-default wpr-particle-no wpr-jarallax-no wpr-parallax-no wpr-sticky-section-no\" data-id=\"56d783b\" data-element_type=\"section\" data-e-type=\"section\">\n\t\t\t\t\t\t<div class=\"elementor-container elementor-column-gap-default\">\n\t\t\t\t\t<div class=\"elementor-column elementor-col-100 elementor-top-column elementor-element elementor-element-e12701c\" data-id=\"e12701c\" data-element_type=\"column\" data-e-type=\"column\">\n\t\t\t<div class=\"elementor-widget-wrap elementor-element-populated\">\n\t\t\t\t\t\t<div class=\"elementor-element elementor-element-60348eb elementor-widget elementor-widget-heading\" data-id=\"60348eb\" data-element_type=\"widget\" data-e-type=\"widget\" data-widget_type=\"heading.default\">\n\t\t\t\t<div class=\"elementor-widget-container\">\n\t\t\t\t\t<h4 class=\"elementor-heading-title elementor-size-default\">Sobre n\u00f3s<\/h4>\t\t\t\t<\/div>\n\t\t\t\t<\/div>\n\t\t\t\t<div class=\"elementor-element elementor-element-1bc6a13 elementor-widget elementor-widget-text-editor\" data-id=\"1bc6a13\" data-element_type=\"widget\" data-e-type=\"widget\" data-widget_type=\"text-editor.default\">\n\t\t\t\t<div class=\"elementor-widget-container\">\n\t\t\t\t\t\t\t\t\t<p>Bem-vindo ao Instituto Norte Riograndense de Educa\u00e7\u00e3o, Assist\u00eancia Social e Sa\u00fade (INEAS), onde a miss\u00e3o \u00e9 promover o bem-estar e o desenvolvimento integral da comunidade por meio de educa\u00e7\u00e3o, assist\u00eancia social e sa\u00fade de qualidade.<\/p><p>Fundado com a convic\u00e7\u00e3o de que o acesso aos servi\u00e7os essenciais \u00e9 um direito fundamental de todos, o INEAS tem sido um farol de esperan\u00e7a e progresso para o estado do Rio Grande do Norte. H\u00e1 anos, temos nos dedicado incansavelmente a construir uma sociedade mais justa, equitativa e saud\u00e1vel.<\/p>\t\t\t\t\t\t\t\t<\/div>\n\t\t\t\t<\/div>\n\t\t\t\t\t<\/div>\n\t\t<\/div>\n\t\t\t\t\t<\/div>\n\t\t<\/section>\n\t\t\t\t<section class=\"elementor-section elementor-top-section elementor-element elementor-element-249b28f elementor-section-boxed elementor-section-height-default elementor-section-height-default wpr-particle-no wpr-jarallax-no wpr-parallax-no wpr-sticky-section-no\" data-id=\"249b28f\" data-element_type=\"section\" data-e-type=\"section\">\n\t\t\t\t\t\t<div class=\"elementor-container elementor-column-gap-default\">\n\t\t\t\t\t<div class=\"elementor-column elementor-col-100 elementor-top-column elementor-element elementor-element-dd2b35b\" data-id=\"dd2b35b\" data-element_type=\"column\" data-e-type=\"column\">\n\t\t\t<div class=\"elementor-widget-wrap elementor-element-populated\">\n\t\t\t\t\t\t<div class=\"elementor-element elementor-element-ee06302 elementor-widget elementor-widget-heading\" data-id=\"ee06302\" data-element_type=\"widget\" data-e-type=\"widget\" data-widget_type=\"heading.default\">\n\t\t\t\t<div class=\"elementor-widget-container\">\n\t\t\t\t\t<h4 class=\"elementor-heading-title elementor-size-default\">Nossa hist\u00f3ria<\/h4>\t\t\t\t<\/div>\n\t\t\t\t<\/div>\n\t\t\t\t<div class=\"elementor-element elementor-element-ff5fa59 elementor-widget elementor-widget-text-editor\" data-id=\"ff5fa59\" data-element_type=\"widget\" data-e-type=\"widget\" data-widget_type=\"text-editor.default\">\n\t\t\t\t<div class=\"elementor-widget-container\">\n\t\t\t\t\t\t\t\t\t<p>A hist\u00f3ria do Instituto Norte Riograndense de Educa\u00e7\u00e3o, Assist\u00eancia Social e Sa\u00fade (INEAS) \u00e9 uma jornada marcada por determina\u00e7\u00e3o, paix\u00e3o e compromisso comunit\u00e1rio. Desde os primeiros passos at\u00e9 os desafios superados, nossa trajet\u00f3ria reflete o esp\u00edrito resiliente e a vontade incessante de fazer a diferen\u00e7a na vida das pessoas.<\/p><p>Tudo come\u00e7ou a alguns anos atr\u00e1s, quando um grupo de vision\u00e1rios se uniu com um objetivo em comum: criar uma institui\u00e7\u00e3o que pudesse atender \u00e0s necessidades educacionais, sociais e de sa\u00fade dos munic\u00edpios do RN.<\/p><p>Movidos pela convic\u00e7\u00e3o de que todos merecem acesso igualit\u00e1rio a servi\u00e7os essenciais, esses pioneiros lan\u00e7aram as bases do que viria a se tornar o INEAS.<\/p>\t\t\t\t\t\t\t\t<\/div>\n\t\t\t\t<\/div>\n\t\t\t\t\t<\/div>\n\t\t<\/div>\n\t\t\t\t\t<\/div>\n\t\t<\/section>\n\t\t\t\t<\/div>\n\t\t","protected":false},"excerpt":{"rendered":"<p>Sobre n\u00f3s Bem-vindo ao Instituto Norte Riograndense de Educa\u00e7\u00e3o, Assist\u00eancia Social e Sa\u00fade (INEAS), onde a miss\u00e3o \u00e9 promover o bem-estar e o desenvolvimento integral da comunidade por meio de educa\u00e7\u00e3o, assist\u00eancia social e sa\u00fade de qualidade. Fundado com a convic\u00e7\u00e3o de que o acesso aos servi\u00e7os essenciais \u00e9 um direito fundamental de todos, o INEAS tem sido um farol de esperan\u00e7a e progresso para o estado do Rio Grande do Norte. H\u00e1 anos, temos nos dedicado incansavelmente a construir uma sociedade mais justa, equitativa e saud\u00e1vel. Nossa hist\u00f3ria A hist\u00f3ria do Instituto Norte Riograndense de Educa\u00e7\u00e3o, Assist\u00eancia Social e Sa\u00fade (INEAS) \u00e9 uma jornada marcada por determina\u00e7\u00e3o, paix\u00e3o e compromisso comunit\u00e1rio. Desde os primeiros passos at\u00e9 os desafios superados, nossa trajet\u00f3ria reflete o esp\u00edrito resiliente e a vontade incessante de fazer a diferen\u00e7a na vida das pessoas. Tudo come\u00e7ou a alguns anos atr\u00e1s, quando um grupo de vision\u00e1rios se uniu com um objetivo em comum: criar uma institui\u00e7\u00e3o que pudesse atender \u00e0s necessidades educacionais, sociais e de sa\u00fade dos munic\u00edpios do RN. Movidos pela convic\u00e7\u00e3o de que todos merecem acesso igualit\u00e1rio a servi\u00e7os essenciais, esses pioneiros lan\u00e7aram as bases do que viria a se tornar o INEAS.<\/p>\n","protected":false},"author":1,"featured_media":0,"parent":0,"menu_order":0,"comment_status":"closed","ping_status":"closed","template":"elementor_header_footer","meta":{"footnotes":""},"class_list":["post-198","page","type-page","status-publish","hentry"],"_links":{"self":[{"href":"https:\/\/ineas.org.br\/index.php?rest_route=\/wp\/v2\/pages\/198","targetHints":{"allow":["GET"]}}],"collection":[{"href":"https:\/\/ineas.org.br\/index.php?rest_route=\/wp\/v2\/pages"}],"about":[{"href":"https:\/\/ineas.org.br\/index.php?rest_route=\/wp\/v2\/types\/page"}],"author":[{"embeddable":true,"href":"https:\/\/ineas.org.br\/index.php?rest_route=\/wp\/v2\/users\/1"}],"replies":[{"embeddable":true,"href":"https:\/\/ineas.org.br\/index.php?rest_route=%2Fwp%2Fv2%2Fcomments&post=198"}],"version-history":[{"count":16,"href":"https:\/\/ineas.org.br\/index.php?rest_route=\/wp\/v2\/pages\/198\/revisions"}],"predecessor-version":[{"id":417,"href":"https:\/\/ineas.org.br\/index.php?rest_route=\/wp\/v2\/pages\/198\/revisions\/417"}],"wp:attachment":[{"href":"https:\/\/ineas.org.br\/index.php?rest_route=%2Fwp%2Fv2%2Fmedia&parent=198"}],"curies":[{"name":"wp","href":"https:\/\/api.w.org\/{rel}","templated":true}]}}